{"id":630,"date":"2017-03-15T11:10:35","date_gmt":"2017-03-15T11:10:35","guid":{"rendered":"http:\/\/psicologiapares.com\/?page_id=630"},"modified":"2017-03-15T11:10:35","modified_gmt":"2017-03-15T11:10:35","slug":"relats-per-entendre","status":"publish","type":"page","link":"http:\/\/psicologiapares.com\/index.php\/relats-per-entendre\/","title":{"rendered":"Relats per entendre"},"content":{"rendered":"<p>Relats per entendre els trastorns mentals \u00e9s un llibre que\u00a0va veure la llum el 29 de setembre de 2017.<\/p>\n<p>\u00c9s un llibre pensat perqu\u00e8 tots entenguem millor, alguns trastorns mentals a trav\u00e9s de set relats. Els seus personatges, ens ajudaran a posar-nos a la seva pell i aix\u00ed entendre millor tot el que comporta un trastorn mental.<\/p>\n<p>Perqu\u00e8 en tingueu un tastet, us regalo la Introducci\u00f3.<\/p>\n<p>Si el voleu obtenir ho podeu fer a les llibreries, on l&#8217;haureu d&#8217;encarregar i en 3 dies us el faran arribar, i per intenet en aquest lync que us facilito clicant a la foto del llibre.<\/p>\n<p><a href=\"http:\/\/www.elcepilanansa.com\/colleccions\/coedicions\/relats-per-entendre-els-transtorns-mentals\/\"><img loading=\"lazy\" class=\"size-medium wp-image-687 aligncenter\" src=\"http:\/\/psicologiapares.com\/wp-content\/uploads\/2017\/03\/portada-205x300.jpg\" alt=\"\" width=\"205\" height=\"300\" \/><\/a><\/p>\n<h1><b>Introducci\u00f3<\/b><\/h1>\n<p>&nbsp;<\/p>\n<p><span style=\"font-weight: 400;\">Si pogu\u00e9ssiu llegir amb els ulls tancats, us ho demanaria, perqu\u00e8 pogu\u00e9ssiu llegir aquest llibre des del cor, que es tal i com s\u2019ha escrit.<\/span><\/p>\n<p><span style=\"font-weight: 400;\">Vaig comen\u00e7ar a escriure\u2019l perqu\u00e8 volia compartir els meus coneixements sobre psicologia, i ho volia fer d\u2019una manera planera, animosa, divertida a vegades, i lleugera. Poc en sabem dels trastorns mentals, \u00a0acostumem a tenir por d&#8217;all\u00f2 que no coneixem, i la por ens fa refusar les persones que els pateixen. Des de la societat que els dona una invalidesa del 100% apartant-los indirectament del mon laboral, fins a les persones que els rodegem i pensem que estan bojos. Voldria dir que el terme boig ha quedat antiquat. Voldria explicar que totes les persones som persones i tots tenim possibilitats de patir un trastorn mental algun cop a la nostra vida. <\/span><\/p>\n<p><span style=\"font-weight: 400;\">Es per aix\u00f2 que em vaig llen\u00e7ar a escriure aquests relats, per ajudar-nos a entendre millor els trastorns mentals, per ajudar-nos a obrir el cor i acceptar aquelles persones que ben mirat no son tant diferents de nosaltres mateixes. Acostar-nos als trastorns sense paraules t\u00e8cniques, sense la distancia que dona una bata blanca, sense por.<\/span><\/p>\n<p><span style=\"font-weight: 400;\">Per llegir be aquest llibre us recomano seguir-ne l\u2019ordre, comen\u00e7ar per la primera part. Son 7 relats que ens ajudaran a entendre l\u2019autisme, l\u2019esquizofr\u00e8nia, la depressi\u00f3, el trastorn bipolar, l\u2019anor\u00e8xia, l\u2019ansietat i el Trastorn Obsessiu Compulsiu. Al final de cada relat i amb lletra cursiva trobareu unes l\u00ednies que donen una lleugera explicaci\u00f3 del relat.<\/span><\/p>\n<p><span style=\"font-weight: 400;\"> A la segona part trobareu una explicaci\u00f3 que procura ser planera i senzilla per ajudar-vos a entendre encara millor cada trastorn. <\/span><\/p>\n<p><span style=\"font-weight: 400;\">Es un llibre adre\u00e7at als adults i joves. Per\u00f2 algun dels relats pot explicar-se als nens i nenes, amb la deguda interpretaci\u00f3 i ajuda dels adults que els hi expliquin.<\/span><\/p>\n<p><span style=\"font-weight: 400;\">L&#8217;\u00fanic objectiu marcat mentre escrivia, va ser ajudar a donar a con\u00e8ixer aquests trastorns i obrir un espai d\u2019acceptaci\u00f3 per a les persones que els pateixen. Per que no som gens diferents i en qualsevol moment, ells poden ser nosaltres i nosaltres podem ser ells.<\/span><\/p>\n<p>&nbsp;<\/p>\n<p>No deixeu de buscar-nos a les xarxes socials!<\/p>\n<p>&nbsp;<\/p>\n<p>&nbsp;<\/p>\n<p>&nbsp;<\/p>\n<p>&nbsp;<\/p>\n","protected":false},"excerpt":{"rendered":"<p>Relats per entendre els trastorns mentals \u00e9s un llibre que\u00a0va veure la llum el 29 de setembre de 2017. \u00c9s un llibre pensat perqu\u00e8 tots entenguem millor, alguns trastorns mentals a trav\u00e9s de set relats. Els seus personatges, ens ajudaran a posar-nos a la seva pell i aix\u00ed entendre millor tot el que comporta un &hellip; <\/p>\n<p class=\"link-more\"><a href=\"http:\/\/psicologiapares.com\/index.php\/relats-per-entendre\/\" class=\"more-link\">Continua llegint <span class=\"screen-reader-text\">\u00abRelats per entendre\u00bb<\/span><\/a><\/p>\n","protected":false},"author":1,"featured_media":631,"parent":0,"menu_order":0,"comment_status":"closed","ping_status":"closed","template":"","meta":[],"_links":{"self":[{"href":"http:\/\/psicologiapares.com\/index.php\/wp-json\/wp\/v2\/pages\/630"}],"collection":[{"href":"http:\/\/psicologiapares.com\/index.php\/wp-json\/wp\/v2\/pages"}],"about":[{"href":"http:\/\/psicologiapares.com\/index.php\/wp-json\/wp\/v2\/types\/page"}],"author":[{"embeddable":true,"href":"http:\/\/psicologiapares.com\/index.php\/wp-json\/wp\/v2\/users\/1"}],"replies":[{"embeddable":true,"href":"http:\/\/psicologiapares.com\/index.php\/wp-json\/wp\/v2\/comments?post=630"}],"version-history":[{"count":0,"href":"http:\/\/psicologiapares.com\/index.php\/wp-json\/wp\/v2\/pages\/630\/revisions"}],"wp:featuredmedia":[{"embeddable":true,"href":"http:\/\/psicologiapares.com\/index.php\/wp-json\/wp\/v2\/media\/631"}],"wp:attachment":[{"href":"http:\/\/psicologiapares.com\/index.php\/wp-json\/wp\/v2\/media?parent=630"}],"curies":[{"name":"wp","href":"https:\/\/api.w.org\/{rel}","templated":true}]}}