{"id":605,"date":"2017-02-07T11:57:31","date_gmt":"2017-02-07T11:57:31","guid":{"rendered":"http:\/\/psicologiapares.com\/?page_id=605"},"modified":"2017-02-07T11:57:31","modified_gmt":"2017-02-07T11:57:31","slug":"juan-con-miedo","status":"publish","type":"page","link":"http:\/\/psicologiapares.com\/index.php\/sample-page\/juan-con-miedo\/","title":{"rendered":"Juan con miedo"},"content":{"rendered":"<p>Juan era un chico normal, se levantaba cada ma\u00f1ana para ir al trabajo, estudiaba por las tardes y sal\u00eda de noche con sus amigos. \u00a0Se divert\u00eda mucho en su vida, estaba rodeado de amigos de aquellos de verdad que te hacen pasar un buen rato cuando estas con ellos. Juan casi nunca necesitaba ayuda, porque solo se apa\u00f1aba muy bien.<\/p>\n<p><span style=\"font-weight: 400;\">Des de hacia unos meses estaba con una chica, mas guapa que ninguna otra para \u00e9l. M\u00e1s divertida y m\u00e1s simp\u00e1tica que el resto. \u00a0Le encantaba estar los domingos de invierno con la manta en el sof\u00e1 viendo pel\u00edculas, parando solo para hacer el amor. \u00a0<\/span><\/p>\n<p><span style=\"font-weight: 400;\">Juan era feliz, para que nos vamos a enga\u00f1ar, y adem\u00e1s estaba convencido que as\u00ed era, por lo tanto disfrutaba de su felicidad. Se sent\u00eda afortunado y afrontaba la vida con una gran sonrisa. <\/span><\/p>\n<p><span style=\"font-weight: 400;\">Un d\u00eda sali\u00f3 de la discoteca donde estaba bailando para respirar un rato y charlar con su chica. Hab\u00edan bebido un poco mas de lo normal, estaban con la risa tonta y el beso f\u00e1cil. Cuando se dieron cuenta de que hab\u00eda una pelea en el callej\u00f3n. A Juan se le erizaron los pelos de todo el cuerpo y un escalofr\u00edo le recorri\u00f3 la espalda. La risa tonta se les fue de repente, Juan se puso blanco y le costaba un poco respirar. Enseguida lleg\u00f3 la polic\u00eda y par\u00f3 la pelea. No era nadie conocido, dos que hab\u00edan bebido demasiado y sus amigos tambi\u00e9n, una t\u00edpica pelea de bar, pero para Juan, algo se hab\u00eda roto. <\/span><\/p>\n<p><span style=\"font-weight: 400;\">A la ma\u00f1ana siguiente Juan despert\u00f3 un poco distra\u00eddo, quiz\u00e1s un poco de resaca. No se preocup\u00f3 mucho, estaba con su chica guap\u00edsima en su casa, nada pod\u00eda ir mal. Se olvido de esa sensaci\u00f3n desagradable con la que se hab\u00eda levantado y paso el domingo como m\u00e1s le gustaba, mantita y sof\u00e1. <\/span><\/p>\n<p><span style=\"font-weight: 400;\">A la semana siguiente volvieron a salir de fiesta, cenaron en un restaurante nuevo y fueron ala misma discoteca de la semana anterior. Juan estaba bien, hasta que sali\u00f3 y vi\u00f3 el callej\u00f3n. Se erizaron los pelos de nuevo, el recuerdo de la pelea paso por su mente para quedarse. Se le erizaron los pelos, el escalofr\u00edo volvi\u00f3 a su espalda, se puso blanco y le costaba respirar. Quer\u00eda salir corriendo y no parar hasta estar de nuevo en su casa. Se reprimi\u00f3, entro en la discoteca y avis\u00f3 a sus amigos, se encontraba mal se iba a casa.<\/span><\/p>\n<p><span style=\"font-weight: 400;\">Por el camino iba asustado, como si una sombra lo siguiera, como si no fuera solo, miraba hacia atr\u00e1s y no hab\u00eda nadie, \u201cque me pasa\u201d pens\u00f3. Pero al llegar a casa todas las sombras se esfumaron. Durmi\u00f3 tranquilo y se despert\u00f3 mejor. <\/span><\/p>\n<p><span style=\"font-weight: 400;\">La semana siguiente no quiso ir a bailar a la discoteca y despu\u00e9s \u00a0ela cena se fue a casa con su chica, le explic\u00f3 el porque y la chica le sac\u00f3 importancia, le dijo que quiz\u00e1s estaba impactado porque la pelea hab\u00eda sido un poco fuerte, que intentara olvidar-lo. Le pareci\u00f3 un buen consejo y as\u00ed lo hizo, o eso pensaba \u00e9l. Sigui\u00f3 su vida, por si acaso cada vez que iban a la discoteca no sal\u00eda al callej\u00f3n, y listos. <\/span><\/p>\n<p><span style=\"font-weight: 400;\">Pas\u00f3 el tiempo sin m\u00e1s, no volvi\u00f3 a suceder nada relevante, bueno con respecto a los callejones. Juan se cas\u00f3 con su chica, estaban muy enamorados. Se mudaron a un piso m\u00e1s grande y lo pintaron juntos. Reciclaron muebles de la calle y compararon algunas cosas. Eran muy felices. \u00a0<\/span><\/p>\n<p><span style=\"font-weight: 400;\">Un d\u00eda fueron a cenar con los amigos, quedaron en un bar nuevo, lo hab\u00edan abierto hacia un mes y ya tocaba probar-lo. Juan qued\u00f3 all\u00ed con su chica, \u00e9l ir\u00eda directo des de el trabajo. \u00a0Sigui\u00f3 su ruta por el mapa del m\u00f3vil, gir\u00f3 por una calle y sigui\u00f3. De repente un sudor fr\u00edo le subi\u00f3 por la espalda, una sensaci\u00f3n reconocida pero que no hab\u00eda vuelto a experimentar, miro a su alrededor, estaba sin darse cuenta en un callej\u00f3n. Le costaba respirar, el callej\u00f3n cada vez era m\u00e1s estrecho, le constaba respirar, se le nublaba la vista, se sent\u00f3 en el bordillo, intent\u00f3 coger aire, pero era como si se lo hubieran quitado. Cerr\u00f3 los ojos, encontr\u00f3 aire, respir\u00f3. En ese momento escuch\u00f3 una voz conocida \u201cJuan, estas bien?\u201d solo alcanz\u00f3 a articular \u201cs\u00e1came de aqu\u00ed, por favor, s\u00e1came de aqu\u00ed\u201d. Alguien lo agarr\u00f3 de las axilas y lo levant\u00f3, lo sacaron del callej\u00f3n y lo sentaron en una silla de la terraza del bar. <\/span><\/p>\n<p><span style=\"font-weight: 400;\">Juan abri\u00f3 los ojos, sus amigos lo estaban mirando, su chica no podr\u00eda borrar de sus ojos, la preocupaci\u00f3n. Juan respir\u00f3 tranquilo, aun se ahogaba un poco, el nudo en el pecho segu\u00eda presente, estaba ansioso y asustado, pero el color hab\u00eda vuelto a sus mejillas. \u00a0\u201cVamos a cenar, no\u201d dijo. Aun que su chica quer\u00eda llamar a una ambulancia, Juan se neg\u00f3, le dijo que le apetec\u00eda mucho estar con todos y no pensar durante un rato \u201csi no mejoro vamos a urgencias\u201d. \u201cy sino se te pasa vas al medico igual\u201d Cenaron y con el jolgorio de la cena a Juan se le pas\u00f3 el mal rato. <\/span><\/p>\n<p><span style=\"font-weight: 400;\">Juan hizo caso a su chica, fue al medico y le explic\u00f3 lo ocurrido, \u00a0el medico le dijo que hab\u00eda sido un ataque de p\u00e1nico, es algo mas fuerte que el miedo, y que te paraliza por completo. Lo deriv\u00f3 al psic\u00f3logo para que le hicieran un seguimiento. \u00a0<\/span><\/p>\n<p>&nbsp;<\/p>\n<p><i><span style=\"font-weight: 400;\">Juan tiene p\u00e1nico a los callejones, en uno tubo una experiencia negativa, \u00a0la pelea. Ahora sigue terapia y tiene una medicaci\u00f3n de rescate por si vuelve a tener otro ataque de p\u00e1nico. \u00a0Despu\u00e9s de encontrar el origen de sus miedos Juan pudo ser feliz de nuevo. No estar\u00e1 tranquilo pasando por un callej\u00f3n, pero ya sabe que le ocurre y que es lo que tiene que hacer.<\/span><\/i><\/p>\n<p>&nbsp;<\/p>\n","protected":false},"excerpt":{"rendered":"<p>Juan era un chico normal, se levantaba cada ma\u00f1ana para ir al trabajo, estudiaba por las tardes y sal\u00eda de noche con sus amigos. \u00a0Se divert\u00eda mucho en su vida, estaba rodeado de amigos de aquellos de verdad que te hacen pasar un buen rato cuando estas con ellos. Juan casi nunca necesitaba ayuda, porque &hellip; <\/p>\n<p class=\"link-more\"><a href=\"http:\/\/psicologiapares.com\/index.php\/sample-page\/juan-con-miedo\/\" class=\"more-link\">Continua llegint <span class=\"screen-reader-text\">\u00abJuan con miedo\u00bb<\/span><\/a><\/p>\n","protected":false},"author":1,"featured_media":0,"parent":7,"menu_order":0,"comment_status":"closed","ping_status":"closed","template":"","meta":[],"_links":{"self":[{"href":"http:\/\/psicologiapares.com\/index.php\/wp-json\/wp\/v2\/pages\/605"}],"collection":[{"href":"http:\/\/psicologiapares.com\/index.php\/wp-json\/wp\/v2\/pages"}],"about":[{"href":"http:\/\/psicologiapares.com\/index.php\/wp-json\/wp\/v2\/types\/page"}],"author":[{"embeddable":true,"href":"http:\/\/psicologiapares.com\/index.php\/wp-json\/wp\/v2\/users\/1"}],"replies":[{"embeddable":true,"href":"http:\/\/psicologiapares.com\/index.php\/wp-json\/wp\/v2\/comments?post=605"}],"version-history":[{"count":0,"href":"http:\/\/psicologiapares.com\/index.php\/wp-json\/wp\/v2\/pages\/605\/revisions"}],"up":[{"embeddable":true,"href":"http:\/\/psicologiapares.com\/index.php\/wp-json\/wp\/v2\/pages\/7"}],"wp:attachment":[{"href":"http:\/\/psicologiapares.com\/index.php\/wp-json\/wp\/v2\/media?parent=605"}],"curies":[{"name":"wp","href":"https:\/\/api.w.org\/{rel}","templated":true}]}}