{"id":600,"date":"2017-02-07T11:54:00","date_gmt":"2017-02-07T11:54:00","guid":{"rendered":"http:\/\/psicologiapares.com\/?page_id=600"},"modified":"2017-02-07T11:54:00","modified_gmt":"2017-02-07T11:54:00","slug":"de-regata-en-el-mar","status":"publish","type":"page","link":"http:\/\/psicologiapares.com\/index.php\/sample-page\/de-regata-en-el-mar\/","title":{"rendered":"De regata en el mar"},"content":{"rendered":"<h1 class=\"western\" align=\"justify\"><\/h1>\n<p align=\"justify\"><span lang=\"es-ES\">Hab\u00eda una vez tres amigos que salieron a hacer una regata, cada uno ten\u00eda su barco, les gustaba competir entre ellos.<\/span><\/p>\n<p align=\"justify\"><span lang=\"es-ES\">Salieron un d\u00eda soleado, perfecto pens\u00f3 el primero el sol es lo que mas me gusta de las regatas. El segundo en cambio estaba aburrido, una vez puestas las velas en su direcci\u00f3n, no ve\u00eda que otra cosa pod\u00eda hacer y se pasaba el rato de arriba a abajo de la cubierta mirando que limpiar y ocup\u00e1ndose en lo que pod\u00eda, no quer\u00eda estar quieto y tranquilo tomando el sol. El tercero iba tranquilo y relajado, hab\u00eda puesto las velas en su sitio, el tim\u00f3n apuntaba en la buena direcci\u00f3n y se dispon\u00eda a tomar un rato el sol.<\/span><\/p>\n<p align=\"justify\"><span lang=\"es-ES\">De repente el sol se tap\u00f3 y empez\u00f3 a soplar el aire, el segundo amigo pens\u00f3 \u201cahora es la m\u00eda esto ya me gusta mas\u201d y se dibuj\u00f3 una sonrisa en su cara. El primer amigo borro la sonrisa de su cara i se dispuso a resoplar, tocaba trabajar y eso no le gustaba nada. El tercero, simplemente se prepar\u00f3 para la tormenta, mir\u00f3 la direcci\u00f3n del viento y puso el barco en la direcci\u00f3n mas veloz que el viento le permiti\u00f3 sin forzar demasiado las velas. No se le hab\u00eda borrado ni un \u00e1pice la sonrisa de la cara. <\/span><\/p>\n<p align=\"justify\"><span lang=\"es-ES\">La tormenta fue tremenda, de aquellas que se forman en alta mar. El mar se pic\u00f3, y los tres botes iban bandeando como pod\u00edan, el primer amigo se iba quedando atr\u00e1s mientras resoplaba y maldec\u00eda el cambio de tiempo, estaba realmente enfadado. El segundo amigo estaba entusiasmado con el espect\u00e1culo, ya que lo que a \u00e9l mas le gustaba era trabajar mucho, iba i venia de arriba a abajo, ajustando las velas, moviendo el tim\u00f3n, sorteando las olas. <\/span><\/p>\n<p align=\"justify\"><span lang=\"es-ES\">El tercer amigo iba delante de los otros dos, era bastante com\u00fan que as\u00ed fuera, casi siempre ganaba las regatas, su sonrisa segu\u00eda imborrable. Ajustaba las velas en la medida que era necesario, tomaba con firmeza pero sin rigidez el tim\u00f3n, surcaba el mar como si lo acariciara lentamente. No le preocupaba ganar, no estaba enfadado con el tiempo, no estaba enojado ni preocupado, estaba relajado y feliz.<\/span><\/p>\n<p align=\"justify\"><span lang=\"es-ES\">Al hacer el camino de vuelta dejaron la tormenta atr\u00e1s. El primer amigo estaba contento de haber acabado con la tormenta, pero se hab\u00eda quedado tan atr\u00e1s que ya no ganar\u00eda la regata, intent\u00f3 con todas sus fuerzas, seguir la buena direcci\u00f3n del viento y luchar por adelantar puestos, pero ya no hab\u00eda viento con el que jugar. De nuevo el sol brillaba en lo alto, el mar se hab\u00eda calmado y el viento era un peque\u00f1o suspiro. El segundo amigo iba por delante del primero, pero por detr\u00e1s del tercero, estaba un poco enojado porque no hab\u00eda aire, hab\u00eda pasado la tormenta y no tenia oportunidad de ganar la regata. Volv\u00eda a ir de arriba abajo del bote, limpiando la cubierta de sal y cambiando las cosas de sitio\u2026<\/span><\/p>\n<p align=\"justify\"><span lang=\"es-ES\">Gan\u00f3 el tercer amigo. Una vez en el puerto se sent\u00f3 en el espig\u00f3n para disfrutar del d\u00eda y esperar a sus amigos. Cuando los vio llegar el primero estaba feliz porque el tiempo hubiera mejorado pero enojado por haberse quedado tan atr\u00e1s. El segundo estaba enojado porque el tramo final no hab\u00eda tenido ninguna emoci\u00f3n. Los dos le preguntaron como lo hacia para quedar siempre en tan buena posici\u00f3n. <\/span><\/p>\n<p align=\"justify\"><span lang=\"es-ES\">El tercer amigo les explico que no hacia nada especial, simplemente disfrutaba de cada uno de los momentos que le daba el mar. No se planteaba si le apetec\u00eda o no izar las velas o mover el tim\u00f3n, sabia que tenia que hacerlo para poder llevar la embarcaci\u00f3n a donde \u00e9l quer\u00eda. Aprovechaba la brisa, cuando estaba tranquilo el mar y aprovechaba, los fuertes vientos de las tormentas. En ambos casos estaba contento porque no luchaba contra los elementos sino que se aprovechaba de ellos, para ganar. <\/span><\/p>\n<p lang=\"es-ES\" align=\"justify\">\n<p align=\"justify\"><span lang=\"es-ES\">Mireia Par\u00e9s Guerrero<\/span><\/p>\n<p align=\"justify\"><span lang=\"es-ES\">02 de Junio de 2016 <\/span><\/p>\n","protected":false},"excerpt":{"rendered":"<p>Hab\u00eda una vez tres amigos que salieron a hacer una regata, cada uno ten\u00eda su barco, les gustaba competir entre ellos. Salieron un d\u00eda soleado, perfecto pens\u00f3 el primero el sol es lo que mas me gusta de las regatas. El segundo en cambio estaba aburrido, una vez puestas las velas en su direcci\u00f3n, no &hellip; <\/p>\n<p class=\"link-more\"><a href=\"http:\/\/psicologiapares.com\/index.php\/sample-page\/de-regata-en-el-mar\/\" class=\"more-link\">Continua llegint <span class=\"screen-reader-text\">\u00abDe regata en el mar\u00bb<\/span><\/a><\/p>\n","protected":false},"author":1,"featured_media":601,"parent":7,"menu_order":0,"comment_status":"closed","ping_status":"closed","template":"","meta":[],"_links":{"self":[{"href":"http:\/\/psicologiapares.com\/index.php\/wp-json\/wp\/v2\/pages\/600"}],"collection":[{"href":"http:\/\/psicologiapares.com\/index.php\/wp-json\/wp\/v2\/pages"}],"about":[{"href":"http:\/\/psicologiapares.com\/index.php\/wp-json\/wp\/v2\/types\/page"}],"author":[{"embeddable":true,"href":"http:\/\/psicologiapares.com\/index.php\/wp-json\/wp\/v2\/users\/1"}],"replies":[{"embeddable":true,"href":"http:\/\/psicologiapares.com\/index.php\/wp-json\/wp\/v2\/comments?post=600"}],"version-history":[{"count":0,"href":"http:\/\/psicologiapares.com\/index.php\/wp-json\/wp\/v2\/pages\/600\/revisions"}],"up":[{"embeddable":true,"href":"http:\/\/psicologiapares.com\/index.php\/wp-json\/wp\/v2\/pages\/7"}],"wp:featuredmedia":[{"embeddable":true,"href":"http:\/\/psicologiapares.com\/index.php\/wp-json\/wp\/v2\/media\/601"}],"wp:attachment":[{"href":"http:\/\/psicologiapares.com\/index.php\/wp-json\/wp\/v2\/media?parent=600"}],"curies":[{"name":"wp","href":"https:\/\/api.w.org\/{rel}","templated":true}]}}